{"id":51674,"date":"2021-08-22T03:06:38","date_gmt":"2021-08-22T10:06:38","guid":{"rendered":"https:\/\/www.paulekman.com\/treinamento-de-inteligencia-emocional-e-deteccao-de-mentiras\/"},"modified":"2022-09-14T18:52:07","modified_gmt":"2022-09-15T01:52:07","slug":"treinamento-de-inteligencia-emocional-e-deteccao-de-mentiras","status":"publish","type":"page","link":"https:\/\/www.paulekman.com\/pt-br\/treinamento-de-inteligencia-emocional-e-deteccao-de-mentiras\/","title":{"rendered":"Treinamento de Intelig\u00eancia Emocional e Detec\u00e7\u00e3o de Mentiras"},"content":{"rendered":"<div id=\"cs-content\" class=\"cs-content\"><\/div>\n","protected":false},"excerpt":{"rendered":"<p>Aprenda o idioma das Emo\u00e7\u00f5es e das Mentiras em seu idioma nativo Comece hoje seu treinamento de intelig\u00eancia emocional e detec\u00e7\u00e3o de mentiras com as ferramentas de treinamento de microexpress\u00f5es &#8230; <\/p>\n<div><a href=\"https:\/\/www.paulekman.com\/pt-br\/treinamento-de-inteligencia-emocional-e-deteccao-de-mentiras\/\" class=\"more-link\">Read More<\/a><\/div>\n","protected":false},"author":57429,"featured_media":51637,"parent":0,"menu_order":0,"comment_status":"closed","ping_status":"closed","template":"","meta":{"_acf_changed":false,"footnotes":"","_links_to":"","_links_to_target":""},"class_list":["post-51674","page","type-page","status-publish","has-post-thumbnail","hentry"],"acf":[],"yoast_head":"<!-- This site is optimized with the Yoast SEO Premium plugin v26.7 (Yoast SEO v26.7) - https:\/\/yoast.com\/wordpress\/plugins\/seo\/ -->\n<title>Treinamento de Intelig\u00eancia Emocional e Detec\u00e7\u00e3o de Mentiras - Paul Ekman Group<\/title>\n<meta name=\"robots\" content=\"index, follow, max-snippet:-1, max-image-preview:large, max-video-preview:-1\" \/>\n<link rel=\"canonical\" href=\"https:\/\/www.paulekman.com\/pt-br\/treinamento-de-inteligencia-emocional-e-deteccao-de-mentiras\/\" \/>\n<meta property=\"og:locale\" content=\"pt_BR\" \/>\n<meta property=\"og:type\" content=\"article\" \/>\n<meta property=\"og:title\" content=\"Treinamento de Intelig\u00eancia Emocional e Detec\u00e7\u00e3o de Mentiras\" \/>\n<meta property=\"og:description\" content=\"Aprenda o idioma das Emo\u00e7\u00f5es e das Mentiras em seu idioma nativo Comece hoje seu treinamento de intelig\u00eancia emocional e detec\u00e7\u00e3o de mentiras com as ferramentas de treinamento de microexpress\u00f5es ... Read More\" \/>\n<meta property=\"og:url\" content=\"https:\/\/www.paulekman.com\/pt-br\/treinamento-de-inteligencia-emocional-e-deteccao-de-mentiras\/\" \/>\n<meta property=\"og:site_name\" content=\"Paul Ekman Group\" \/>\n<meta property=\"article:modified_time\" content=\"2022-09-15T01:52:07+00:00\" \/>\n<meta name=\"twitter:card\" content=\"summary_large_image\" \/>\n<meta name=\"twitter:label1\" content=\"Est. tempo de leitura\" \/>\n\t<meta name=\"twitter:data1\" content=\"5 minutos\" \/>\n<script type=\"application\/ld+json\" class=\"yoast-schema-graph\">{\"@context\":\"https:\/\/schema.org\",\"@graph\":[{\"@type\":\"WebPage\",\"@id\":\"https:\/\/www.paulekman.com\/pt-br\/treinamento-de-inteligencia-emocional-e-deteccao-de-mentiras\/\",\"url\":\"https:\/\/www.paulekman.com\/pt-br\/treinamento-de-inteligencia-emocional-e-deteccao-de-mentiras\/\",\"name\":\"Treinamento de Intelig\u00eancia Emocional e Detec\u00e7\u00e3o de Mentiras - Paul Ekman Group\",\"isPartOf\":{\"@id\":\"https:\/\/www.paulekman.com\/#website\"},\"primaryImageOfPage\":{\"@id\":\"https:\/\/www.paulekman.com\/pt-br\/treinamento-de-inteligencia-emocional-e-deteccao-de-mentiras\/#primaryimage\"},\"image\":{\"@id\":\"https:\/\/www.paulekman.com\/pt-br\/treinamento-de-inteligencia-emocional-e-deteccao-de-mentiras\/#primaryimage\"},\"thumbnailUrl\":\"https:\/\/www.paulekman.com\/wp-content\/uploads\/2021\/08\/Emotional-Intelligence-Deception-Training-Paul-Ekman-Group.png\",\"datePublished\":\"2021-08-22T10:06:38+00:00\",\"dateModified\":\"2022-09-15T01:52:07+00:00\",\"inLanguage\":\"pt-BR\",\"potentialAction\":[{\"@type\":\"ReadAction\",\"target\":[\"https:\/\/www.paulekman.com\/pt-br\/treinamento-de-inteligencia-emocional-e-deteccao-de-mentiras\/\"]}]},{\"@type\":\"ImageObject\",\"inLanguage\":\"pt-BR\",\"@id\":\"https:\/\/www.paulekman.com\/pt-br\/treinamento-de-inteligencia-emocional-e-deteccao-de-mentiras\/#primaryimage\",\"url\":\"https:\/\/www.paulekman.com\/wp-content\/uploads\/2021\/08\/Emotional-Intelligence-Deception-Training-Paul-Ekman-Group.png\",\"contentUrl\":\"https:\/\/www.paulekman.com\/wp-content\/uploads\/2021\/08\/Emotional-Intelligence-Deception-Training-Paul-Ekman-Group.png\",\"width\":6912,\"height\":3456,\"caption\":\"Emotional Intelligence Deception Training\"},{\"@type\":\"WebSite\",\"@id\":\"https:\/\/www.paulekman.com\/#website\",\"url\":\"https:\/\/www.paulekman.com\/\",\"name\":\"Paul Ekman Group\",\"description\":\"\",\"publisher\":{\"@id\":\"https:\/\/www.paulekman.com\/#organization\"},\"potentialAction\":[{\"@type\":\"SearchAction\",\"target\":{\"@type\":\"EntryPoint\",\"urlTemplate\":\"https:\/\/www.paulekman.com\/?s={search_term_string}\"},\"query-input\":{\"@type\":\"PropertyValueSpecification\",\"valueRequired\":true,\"valueName\":\"search_term_string\"}}],\"inLanguage\":\"pt-BR\"},{\"@type\":\"Organization\",\"@id\":\"https:\/\/www.paulekman.com\/#organization\",\"name\":\"Paul Ekman Group, LLC\",\"url\":\"https:\/\/www.paulekman.com\/\",\"logo\":{\"@type\":\"ImageObject\",\"inLanguage\":\"pt-BR\",\"@id\":\"https:\/\/www.paulekman.com\/#\/schema\/logo\/image\/\",\"url\":\"https:\/\/www.paulekman.com\/wp-content\/uploads\/2024\/07\/pegGROUP.png\",\"contentUrl\":\"https:\/\/www.paulekman.com\/wp-content\/uploads\/2024\/07\/pegGROUP.png\",\"width\":183,\"height\":237,\"caption\":\"Paul Ekman Group, LLC\"},\"image\":{\"@id\":\"https:\/\/www.paulekman.com\/#\/schema\/logo\/image\/\"}}]}<\/script>\n<!-- \/ Yoast SEO Premium plugin. -->","yoast_head_json":{"title":"Treinamento de Intelig\u00eancia Emocional e Detec\u00e7\u00e3o de Mentiras - Paul Ekman Group","robots":{"index":"index","follow":"follow","max-snippet":"max-snippet:-1","max-image-preview":"max-image-preview:large","max-video-preview":"max-video-preview:-1"},"canonical":"https:\/\/www.paulekman.com\/pt-br\/treinamento-de-inteligencia-emocional-e-deteccao-de-mentiras\/","og_locale":"pt_BR","og_type":"article","og_title":"Treinamento de Intelig\u00eancia Emocional e Detec\u00e7\u00e3o de Mentiras","og_description":"Aprenda o idioma das Emo\u00e7\u00f5es e das Mentiras em seu idioma nativo Comece hoje seu treinamento de intelig\u00eancia emocional e detec\u00e7\u00e3o de mentiras com as ferramentas de treinamento de microexpress\u00f5es ... Read More","og_url":"https:\/\/www.paulekman.com\/pt-br\/treinamento-de-inteligencia-emocional-e-deteccao-de-mentiras\/","og_site_name":"Paul Ekman Group","article_modified_time":"2022-09-15T01:52:07+00:00","twitter_card":"summary_large_image","twitter_misc":{"Est. tempo de leitura":"5 minutos"},"schema":{"@context":"https:\/\/schema.org","@graph":[{"@type":"WebPage","@id":"https:\/\/www.paulekman.com\/pt-br\/treinamento-de-inteligencia-emocional-e-deteccao-de-mentiras\/","url":"https:\/\/www.paulekman.com\/pt-br\/treinamento-de-inteligencia-emocional-e-deteccao-de-mentiras\/","name":"Treinamento de Intelig\u00eancia Emocional e Detec\u00e7\u00e3o de Mentiras - Paul Ekman Group","isPartOf":{"@id":"https:\/\/www.paulekman.com\/#website"},"primaryImageOfPage":{"@id":"https:\/\/www.paulekman.com\/pt-br\/treinamento-de-inteligencia-emocional-e-deteccao-de-mentiras\/#primaryimage"},"image":{"@id":"https:\/\/www.paulekman.com\/pt-br\/treinamento-de-inteligencia-emocional-e-deteccao-de-mentiras\/#primaryimage"},"thumbnailUrl":"https:\/\/www.paulekman.com\/wp-content\/uploads\/2021\/08\/Emotional-Intelligence-Deception-Training-Paul-Ekman-Group.png","datePublished":"2021-08-22T10:06:38+00:00","dateModified":"2022-09-15T01:52:07+00:00","inLanguage":"pt-BR","potentialAction":[{"@type":"ReadAction","target":["https:\/\/www.paulekman.com\/pt-br\/treinamento-de-inteligencia-emocional-e-deteccao-de-mentiras\/"]}]},{"@type":"ImageObject","inLanguage":"pt-BR","@id":"https:\/\/www.paulekman.com\/pt-br\/treinamento-de-inteligencia-emocional-e-deteccao-de-mentiras\/#primaryimage","url":"https:\/\/www.paulekman.com\/wp-content\/uploads\/2021\/08\/Emotional-Intelligence-Deception-Training-Paul-Ekman-Group.png","contentUrl":"https:\/\/www.paulekman.com\/wp-content\/uploads\/2021\/08\/Emotional-Intelligence-Deception-Training-Paul-Ekman-Group.png","width":6912,"height":3456,"caption":"Emotional Intelligence Deception Training"},{"@type":"WebSite","@id":"https:\/\/www.paulekman.com\/#website","url":"https:\/\/www.paulekman.com\/","name":"Paul Ekman Group","description":"","publisher":{"@id":"https:\/\/www.paulekman.com\/#organization"},"potentialAction":[{"@type":"SearchAction","target":{"@type":"EntryPoint","urlTemplate":"https:\/\/www.paulekman.com\/?s={search_term_string}"},"query-input":{"@type":"PropertyValueSpecification","valueRequired":true,"valueName":"search_term_string"}}],"inLanguage":"pt-BR"},{"@type":"Organization","@id":"https:\/\/www.paulekman.com\/#organization","name":"Paul Ekman Group, LLC","url":"https:\/\/www.paulekman.com\/","logo":{"@type":"ImageObject","inLanguage":"pt-BR","@id":"https:\/\/www.paulekman.com\/#\/schema\/logo\/image\/","url":"https:\/\/www.paulekman.com\/wp-content\/uploads\/2024\/07\/pegGROUP.png","contentUrl":"https:\/\/www.paulekman.com\/wp-content\/uploads\/2024\/07\/pegGROUP.png","width":183,"height":237,"caption":"Paul Ekman Group, LLC"},"image":{"@id":"https:\/\/www.paulekman.com\/#\/schema\/logo\/image\/"}}]}},"_links":{"self":[{"href":"https:\/\/www.paulekman.com\/pt-br\/wp-json\/wp\/v2\/pages\/51674","targetHints":{"allow":["GET"]}}],"collection":[{"href":"https:\/\/www.paulekman.com\/pt-br\/wp-json\/wp\/v2\/pages"}],"about":[{"href":"https:\/\/www.paulekman.com\/pt-br\/wp-json\/wp\/v2\/types\/page"}],"author":[{"embeddable":true,"href":"https:\/\/www.paulekman.com\/pt-br\/wp-json\/wp\/v2\/users\/57429"}],"replies":[{"embeddable":true,"href":"https:\/\/www.paulekman.com\/pt-br\/wp-json\/wp\/v2\/comments?post=51674"}],"version-history":[{"count":0,"href":"https:\/\/www.paulekman.com\/pt-br\/wp-json\/wp\/v2\/pages\/51674\/revisions"}],"wp:featuredmedia":[{"embeddable":true,"href":"https:\/\/www.paulekman.com\/pt-br\/wp-json\/wp\/v2\/media\/51637"}],"wp:attachment":[{"href":"https:\/\/www.paulekman.com\/pt-br\/wp-json\/wp\/v2\/media?parent=51674"}],"curies":[{"name":"wp","href":"https:\/\/api.w.org\/{rel}","templated":true}]}}