{"id":55502,"date":"2022-09-20T01:30:58","date_gmt":"2022-09-20T08:30:58","guid":{"rendered":"https:\/\/www.paulekman.com\/herramientas-de-entrenamiento-en-microexpresiones\/"},"modified":"2022-11-10T15:37:19","modified_gmt":"2022-11-10T23:37:19","slug":"herramientas-de-entrenamiento-en-microexpresiones","status":"publish","type":"page","link":"https:\/\/www.paulekman.com\/es\/herramientas-de-entrenamiento-en-microexpresiones\/","title":{"rendered":"Herramientas de entrenamiento en microexpresiones"},"content":{"rendered":"<div id=\"cs-content\" class=\"cs-content\"><\/div>\n","protected":false},"excerpt":{"rendered":"<p>Herramientas de entrenamiento en microexpresiones Online training to increase emotional awareness and detect deceptionPaquetes y precios Todos los paquetes son 100% en l\u00ednea, as\u00ed que podr\u00e1 entrenar en cualquier momento &#8230; <\/p>\n<div><a href=\"https:\/\/www.paulekman.com\/es\/herramientas-de-entrenamiento-en-microexpresiones\/\" class=\"more-link\">Read More<\/a><\/div>\n","protected":false},"author":57429,"featured_media":53243,"parent":0,"menu_order":0,"comment_status":"closed","ping_status":"closed","template":"","meta":{"_acf_changed":false,"footnotes":"","_links_to":"","_links_to_target":""},"class_list":["post-55502","page","type-page","status-publish","has-post-thumbnail","hentry"],"acf":[],"yoast_head":"<!-- This site is optimized with the Yoast SEO Premium plugin v26.7 (Yoast SEO v26.7) - https:\/\/yoast.com\/wordpress\/plugins\/seo\/ -->\n<title>Entrenamiento en microexpresiones | Entrenamiento en expresiones sutiles<\/title>\n<meta name=\"description\" content=\"El entrenamiento en microexpresiones ofrece varias herramientas diferentes que le ense\u00f1ar\u00e1n a detectar y comprender mejor las emociones ocultas. El entrenamiento de Paul Ekman le ayudar\u00e1 a maximizar sus conocimientos durante el curso de entrenamiento.\" \/>\n<meta name=\"robots\" content=\"index, follow, max-snippet:-1, max-image-preview:large, max-video-preview:-1\" \/>\n<link rel=\"canonical\" href=\"https:\/\/www.paulekman.com\/es\/herramientas-de-entrenamiento-en-microexpresiones\/\" \/>\n<meta property=\"og:locale\" content=\"es_ES\" \/>\n<meta property=\"og:type\" content=\"article\" \/>\n<meta property=\"og:title\" content=\"Herramientas de entrenamiento en microexpresiones\" \/>\n<meta property=\"og:description\" content=\"El entrenamiento en microexpresiones ofrece varias herramientas diferentes que le ense\u00f1ar\u00e1n a detectar y comprender mejor las emociones ocultas. El entrenamiento de Paul Ekman le ayudar\u00e1 a maximizar sus conocimientos durante el curso de entrenamiento.\" \/>\n<meta property=\"og:url\" content=\"https:\/\/www.paulekman.com\/es\/herramientas-de-entrenamiento-en-microexpresiones\/\" \/>\n<meta property=\"og:site_name\" content=\"Paul Ekman Group\" \/>\n<meta property=\"article:modified_time\" content=\"2022-11-10T23:37:19+00:00\" \/>\n<meta name=\"twitter:card\" content=\"summary_large_image\" \/>\n<meta name=\"twitter:label1\" content=\"Tiempo de lectura\" \/>\n\t<meta name=\"twitter:data1\" content=\"19 minutos\" \/>\n<script type=\"application\/ld+json\" class=\"yoast-schema-graph\">{\"@context\":\"https:\/\/schema.org\",\"@graph\":[{\"@type\":\"WebPage\",\"@id\":\"https:\/\/www.paulekman.com\/es\/herramientas-de-entrenamiento-en-microexpresiones\/\",\"url\":\"https:\/\/www.paulekman.com\/es\/herramientas-de-entrenamiento-en-microexpresiones\/\",\"name\":\"Entrenamiento en microexpresiones | Entrenamiento en expresiones sutiles\",\"isPartOf\":{\"@id\":\"https:\/\/www.paulekman.com\/#website\"},\"primaryImageOfPage\":{\"@id\":\"https:\/\/www.paulekman.com\/es\/herramientas-de-entrenamiento-en-microexpresiones\/#primaryimage\"},\"image\":{\"@id\":\"https:\/\/www.paulekman.com\/es\/herramientas-de-entrenamiento-en-microexpresiones\/#primaryimage\"},\"thumbnailUrl\":\"https:\/\/www.paulekman.com\/wp-content\/uploads\/2022\/01\/metti-1-ss.png\",\"datePublished\":\"2022-09-20T08:30:58+00:00\",\"dateModified\":\"2022-11-10T23:37:19+00:00\",\"description\":\"El entrenamiento en microexpresiones ofrece varias herramientas diferentes que le ense\u00f1ar\u00e1n a detectar y comprender mejor las emociones ocultas. El entrenamiento de Paul Ekman le ayudar\u00e1 a maximizar sus conocimientos durante el curso de entrenamiento.\",\"inLanguage\":\"es\",\"potentialAction\":[{\"@type\":\"ReadAction\",\"target\":[\"https:\/\/www.paulekman.com\/es\/herramientas-de-entrenamiento-en-microexpresiones\/\"]}]},{\"@type\":\"ImageObject\",\"inLanguage\":\"es\",\"@id\":\"https:\/\/www.paulekman.com\/es\/herramientas-de-entrenamiento-en-microexpresiones\/#primaryimage\",\"url\":\"https:\/\/www.paulekman.com\/wp-content\/uploads\/2022\/01\/metti-1-ss.png\",\"contentUrl\":\"https:\/\/www.paulekman.com\/wp-content\/uploads\/2022\/01\/metti-1-ss.png\",\"width\":1580,\"height\":947},{\"@type\":\"WebSite\",\"@id\":\"https:\/\/www.paulekman.com\/#website\",\"url\":\"https:\/\/www.paulekman.com\/\",\"name\":\"Paul Ekman Group\",\"description\":\"\",\"publisher\":{\"@id\":\"https:\/\/www.paulekman.com\/#organization\"},\"potentialAction\":[{\"@type\":\"SearchAction\",\"target\":{\"@type\":\"EntryPoint\",\"urlTemplate\":\"https:\/\/www.paulekman.com\/?s={search_term_string}\"},\"query-input\":{\"@type\":\"PropertyValueSpecification\",\"valueRequired\":true,\"valueName\":\"search_term_string\"}}],\"inLanguage\":\"es\"},{\"@type\":\"Organization\",\"@id\":\"https:\/\/www.paulekman.com\/#organization\",\"name\":\"Paul Ekman Group, LLC\",\"url\":\"https:\/\/www.paulekman.com\/\",\"logo\":{\"@type\":\"ImageObject\",\"inLanguage\":\"es\",\"@id\":\"https:\/\/www.paulekman.com\/#\/schema\/logo\/image\/\",\"url\":\"https:\/\/www.paulekman.com\/wp-content\/uploads\/2024\/07\/pegGROUP.png\",\"contentUrl\":\"https:\/\/www.paulekman.com\/wp-content\/uploads\/2024\/07\/pegGROUP.png\",\"width\":183,\"height\":237,\"caption\":\"Paul Ekman Group, LLC\"},\"image\":{\"@id\":\"https:\/\/www.paulekman.com\/#\/schema\/logo\/image\/\"}}]}<\/script>\n<!-- \/ Yoast SEO Premium plugin. -->","yoast_head_json":{"title":"Entrenamiento en microexpresiones | Entrenamiento en expresiones sutiles","description":"El entrenamiento en microexpresiones ofrece varias herramientas diferentes que le ense\u00f1ar\u00e1n a detectar y comprender mejor las emociones ocultas. El entrenamiento de Paul Ekman le ayudar\u00e1 a maximizar sus conocimientos durante el curso de entrenamiento.","robots":{"index":"index","follow":"follow","max-snippet":"max-snippet:-1","max-image-preview":"max-image-preview:large","max-video-preview":"max-video-preview:-1"},"canonical":"https:\/\/www.paulekman.com\/es\/herramientas-de-entrenamiento-en-microexpresiones\/","og_locale":"es_ES","og_type":"article","og_title":"Herramientas de entrenamiento en microexpresiones","og_description":"El entrenamiento en microexpresiones ofrece varias herramientas diferentes que le ense\u00f1ar\u00e1n a detectar y comprender mejor las emociones ocultas. El entrenamiento de Paul Ekman le ayudar\u00e1 a maximizar sus conocimientos durante el curso de entrenamiento.","og_url":"https:\/\/www.paulekman.com\/es\/herramientas-de-entrenamiento-en-microexpresiones\/","og_site_name":"Paul Ekman Group","article_modified_time":"2022-11-10T23:37:19+00:00","twitter_card":"summary_large_image","twitter_misc":{"Tiempo de lectura":"19 minutos"},"schema":{"@context":"https:\/\/schema.org","@graph":[{"@type":"WebPage","@id":"https:\/\/www.paulekman.com\/es\/herramientas-de-entrenamiento-en-microexpresiones\/","url":"https:\/\/www.paulekman.com\/es\/herramientas-de-entrenamiento-en-microexpresiones\/","name":"Entrenamiento en microexpresiones | Entrenamiento en expresiones sutiles","isPartOf":{"@id":"https:\/\/www.paulekman.com\/#website"},"primaryImageOfPage":{"@id":"https:\/\/www.paulekman.com\/es\/herramientas-de-entrenamiento-en-microexpresiones\/#primaryimage"},"image":{"@id":"https:\/\/www.paulekman.com\/es\/herramientas-de-entrenamiento-en-microexpresiones\/#primaryimage"},"thumbnailUrl":"https:\/\/www.paulekman.com\/wp-content\/uploads\/2022\/01\/metti-1-ss.png","datePublished":"2022-09-20T08:30:58+00:00","dateModified":"2022-11-10T23:37:19+00:00","description":"El entrenamiento en microexpresiones ofrece varias herramientas diferentes que le ense\u00f1ar\u00e1n a detectar y comprender mejor las emociones ocultas. El entrenamiento de Paul Ekman le ayudar\u00e1 a maximizar sus conocimientos durante el curso de entrenamiento.","inLanguage":"es","potentialAction":[{"@type":"ReadAction","target":["https:\/\/www.paulekman.com\/es\/herramientas-de-entrenamiento-en-microexpresiones\/"]}]},{"@type":"ImageObject","inLanguage":"es","@id":"https:\/\/www.paulekman.com\/es\/herramientas-de-entrenamiento-en-microexpresiones\/#primaryimage","url":"https:\/\/www.paulekman.com\/wp-content\/uploads\/2022\/01\/metti-1-ss.png","contentUrl":"https:\/\/www.paulekman.com\/wp-content\/uploads\/2022\/01\/metti-1-ss.png","width":1580,"height":947},{"@type":"WebSite","@id":"https:\/\/www.paulekman.com\/#website","url":"https:\/\/www.paulekman.com\/","name":"Paul Ekman Group","description":"","publisher":{"@id":"https:\/\/www.paulekman.com\/#organization"},"potentialAction":[{"@type":"SearchAction","target":{"@type":"EntryPoint","urlTemplate":"https:\/\/www.paulekman.com\/?s={search_term_string}"},"query-input":{"@type":"PropertyValueSpecification","valueRequired":true,"valueName":"search_term_string"}}],"inLanguage":"es"},{"@type":"Organization","@id":"https:\/\/www.paulekman.com\/#organization","name":"Paul Ekman Group, LLC","url":"https:\/\/www.paulekman.com\/","logo":{"@type":"ImageObject","inLanguage":"es","@id":"https:\/\/www.paulekman.com\/#\/schema\/logo\/image\/","url":"https:\/\/www.paulekman.com\/wp-content\/uploads\/2024\/07\/pegGROUP.png","contentUrl":"https:\/\/www.paulekman.com\/wp-content\/uploads\/2024\/07\/pegGROUP.png","width":183,"height":237,"caption":"Paul Ekman Group, LLC"},"image":{"@id":"https:\/\/www.paulekman.com\/#\/schema\/logo\/image\/"}}]}},"_links":{"self":[{"href":"https:\/\/www.paulekman.com\/es\/wp-json\/wp\/v2\/pages\/55502","targetHints":{"allow":["GET"]}}],"collection":[{"href":"https:\/\/www.paulekman.com\/es\/wp-json\/wp\/v2\/pages"}],"about":[{"href":"https:\/\/www.paulekman.com\/es\/wp-json\/wp\/v2\/types\/page"}],"author":[{"embeddable":true,"href":"https:\/\/www.paulekman.com\/es\/wp-json\/wp\/v2\/users\/57429"}],"replies":[{"embeddable":true,"href":"https:\/\/www.paulekman.com\/es\/wp-json\/wp\/v2\/comments?post=55502"}],"version-history":[{"count":0,"href":"https:\/\/www.paulekman.com\/es\/wp-json\/wp\/v2\/pages\/55502\/revisions"}],"wp:featuredmedia":[{"embeddable":true,"href":"https:\/\/www.paulekman.com\/es\/wp-json\/wp\/v2\/media\/53243"}],"wp:attachment":[{"href":"https:\/\/www.paulekman.com\/es\/wp-json\/wp\/v2\/media?parent=55502"}],"curies":[{"name":"wp","href":"https:\/\/api.w.org\/{rel}","templated":true}]}}