{"id":55493,"date":"2022-09-19T08:18:46","date_gmt":"2022-09-19T15:18:46","guid":{"rendered":"https:\/\/www.paulekman.com\/ekman-library\/"},"modified":"2022-09-19T23:19:29","modified_gmt":"2022-09-20T06:19:29","slug":"ekman-library","status":"publish","type":"page","link":"https:\/\/www.paulekman.com\/es\/ekman-library\/","title":{"rendered":"Ekman Library"},"content":{"rendered":"<div id=\"cs-content\" class=\"cs-content\"><\/div>\n","protected":false},"excerpt":{"rendered":"<p>Best SellerEkman Library &#8211; $299 \/ 1 a\u00f1o de suscripci\u00f3n Best SellerEkman Library $299 \/ 1 a\u00f1o de suscripci\u00f3n Acceso ilimitado durante un a\u00f1o a las siete herramientas de entrenamiento &#8230; <\/p>\n<div><a href=\"https:\/\/www.paulekman.com\/es\/ekman-library\/\" class=\"more-link\">Read More<\/a><\/div>\n","protected":false},"author":57429,"featured_media":0,"parent":0,"menu_order":0,"comment_status":"closed","ping_status":"closed","template":"template-blank-5.php","meta":{"_acf_changed":false,"footnotes":"","_links_to":"","_links_to_target":""},"class_list":["post-55493","page","type-page","status-publish","hentry","no-post-thumbnail"],"acf":[],"yoast_head":"<!-- This site is optimized with the Yoast SEO Premium plugin v26.7 (Yoast SEO v26.7) - https:\/\/yoast.com\/wordpress\/plugins\/seo\/ -->\n<title>Herramientas de entrenamiento en microexpresiones | Ekman Library<\/title>\n<meta name=\"description\" content=\"Ekman Library es el paquete de herramientas de entrenamiento en microexpresiones m\u00e1s vendido, desarrollado por el Dr. Paul Ekman. Obtenga m\u00e1s informaci\u00f3n sobre el entrenamiento hoy mismo.\" \/>\n<meta name=\"robots\" content=\"index, follow, max-snippet:-1, max-image-preview:large, max-video-preview:-1\" \/>\n<link rel=\"canonical\" href=\"https:\/\/www.paulekman.com\/es\/ekman-library\/\" \/>\n<meta property=\"og:locale\" content=\"es_ES\" \/>\n<meta property=\"og:type\" content=\"article\" \/>\n<meta property=\"og:title\" content=\"Ekman Library\" \/>\n<meta property=\"og:description\" content=\"Ekman Library es el paquete de herramientas de entrenamiento en microexpresiones m\u00e1s vendido, desarrollado por el Dr. Paul Ekman. Obtenga m\u00e1s informaci\u00f3n sobre el entrenamiento hoy mismo.\" \/>\n<meta property=\"og:url\" content=\"https:\/\/www.paulekman.com\/es\/ekman-library\/\" \/>\n<meta property=\"og:site_name\" content=\"Paul Ekman Group\" \/>\n<meta property=\"article:modified_time\" content=\"2022-09-20T06:19:29+00:00\" \/>\n<meta name=\"twitter:card\" content=\"summary_large_image\" \/>\n<meta name=\"twitter:label1\" content=\"Tiempo de lectura\" \/>\n\t<meta name=\"twitter:data1\" content=\"5 minutos\" \/>\n<script type=\"application\/ld+json\" class=\"yoast-schema-graph\">{\"@context\":\"https:\/\/schema.org\",\"@graph\":[{\"@type\":\"WebPage\",\"@id\":\"https:\/\/www.paulekman.com\/es\/ekman-library\/\",\"url\":\"https:\/\/www.paulekman.com\/es\/ekman-library\/\",\"name\":\"Herramientas de entrenamiento en microexpresiones | Ekman Library\",\"isPartOf\":{\"@id\":\"https:\/\/www.paulekman.com\/#website\"},\"datePublished\":\"2022-09-19T15:18:46+00:00\",\"dateModified\":\"2022-09-20T06:19:29+00:00\",\"description\":\"Ekman Library es el paquete de herramientas de entrenamiento en microexpresiones m\u00e1s vendido, desarrollado por el Dr. Paul Ekman. Obtenga m\u00e1s informaci\u00f3n sobre el entrenamiento hoy mismo.\",\"inLanguage\":\"es\",\"potentialAction\":[{\"@type\":\"ReadAction\",\"target\":[\"https:\/\/www.paulekman.com\/es\/ekman-library\/\"]}]},{\"@type\":\"WebSite\",\"@id\":\"https:\/\/www.paulekman.com\/#website\",\"url\":\"https:\/\/www.paulekman.com\/\",\"name\":\"Paul Ekman Group\",\"description\":\"\",\"publisher\":{\"@id\":\"https:\/\/www.paulekman.com\/#organization\"},\"potentialAction\":[{\"@type\":\"SearchAction\",\"target\":{\"@type\":\"EntryPoint\",\"urlTemplate\":\"https:\/\/www.paulekman.com\/?s={search_term_string}\"},\"query-input\":{\"@type\":\"PropertyValueSpecification\",\"valueRequired\":true,\"valueName\":\"search_term_string\"}}],\"inLanguage\":\"es\"},{\"@type\":\"Organization\",\"@id\":\"https:\/\/www.paulekman.com\/#organization\",\"name\":\"Paul Ekman Group, LLC\",\"url\":\"https:\/\/www.paulekman.com\/\",\"logo\":{\"@type\":\"ImageObject\",\"inLanguage\":\"es\",\"@id\":\"https:\/\/www.paulekman.com\/#\/schema\/logo\/image\/\",\"url\":\"https:\/\/www.paulekman.com\/wp-content\/uploads\/2024\/07\/pegGROUP.png\",\"contentUrl\":\"https:\/\/www.paulekman.com\/wp-content\/uploads\/2024\/07\/pegGROUP.png\",\"width\":183,\"height\":237,\"caption\":\"Paul Ekman Group, LLC\"},\"image\":{\"@id\":\"https:\/\/www.paulekman.com\/#\/schema\/logo\/image\/\"}}]}<\/script>\n<!-- \/ Yoast SEO Premium plugin. -->","yoast_head_json":{"title":"Herramientas de entrenamiento en microexpresiones | Ekman Library","description":"Ekman Library es el paquete de herramientas de entrenamiento en microexpresiones m\u00e1s vendido, desarrollado por el Dr. Paul Ekman. Obtenga m\u00e1s informaci\u00f3n sobre el entrenamiento hoy mismo.","robots":{"index":"index","follow":"follow","max-snippet":"max-snippet:-1","max-image-preview":"max-image-preview:large","max-video-preview":"max-video-preview:-1"},"canonical":"https:\/\/www.paulekman.com\/es\/ekman-library\/","og_locale":"es_ES","og_type":"article","og_title":"Ekman Library","og_description":"Ekman Library es el paquete de herramientas de entrenamiento en microexpresiones m\u00e1s vendido, desarrollado por el Dr. Paul Ekman. Obtenga m\u00e1s informaci\u00f3n sobre el entrenamiento hoy mismo.","og_url":"https:\/\/www.paulekman.com\/es\/ekman-library\/","og_site_name":"Paul Ekman Group","article_modified_time":"2022-09-20T06:19:29+00:00","twitter_card":"summary_large_image","twitter_misc":{"Tiempo de lectura":"5 minutos"},"schema":{"@context":"https:\/\/schema.org","@graph":[{"@type":"WebPage","@id":"https:\/\/www.paulekman.com\/es\/ekman-library\/","url":"https:\/\/www.paulekman.com\/es\/ekman-library\/","name":"Herramientas de entrenamiento en microexpresiones | Ekman Library","isPartOf":{"@id":"https:\/\/www.paulekman.com\/#website"},"datePublished":"2022-09-19T15:18:46+00:00","dateModified":"2022-09-20T06:19:29+00:00","description":"Ekman Library es el paquete de herramientas de entrenamiento en microexpresiones m\u00e1s vendido, desarrollado por el Dr. Paul Ekman. Obtenga m\u00e1s informaci\u00f3n sobre el entrenamiento hoy mismo.","inLanguage":"es","potentialAction":[{"@type":"ReadAction","target":["https:\/\/www.paulekman.com\/es\/ekman-library\/"]}]},{"@type":"WebSite","@id":"https:\/\/www.paulekman.com\/#website","url":"https:\/\/www.paulekman.com\/","name":"Paul Ekman Group","description":"","publisher":{"@id":"https:\/\/www.paulekman.com\/#organization"},"potentialAction":[{"@type":"SearchAction","target":{"@type":"EntryPoint","urlTemplate":"https:\/\/www.paulekman.com\/?s={search_term_string}"},"query-input":{"@type":"PropertyValueSpecification","valueRequired":true,"valueName":"search_term_string"}}],"inLanguage":"es"},{"@type":"Organization","@id":"https:\/\/www.paulekman.com\/#organization","name":"Paul Ekman Group, LLC","url":"https:\/\/www.paulekman.com\/","logo":{"@type":"ImageObject","inLanguage":"es","@id":"https:\/\/www.paulekman.com\/#\/schema\/logo\/image\/","url":"https:\/\/www.paulekman.com\/wp-content\/uploads\/2024\/07\/pegGROUP.png","contentUrl":"https:\/\/www.paulekman.com\/wp-content\/uploads\/2024\/07\/pegGROUP.png","width":183,"height":237,"caption":"Paul Ekman Group, LLC"},"image":{"@id":"https:\/\/www.paulekman.com\/#\/schema\/logo\/image\/"}}]}},"_links":{"self":[{"href":"https:\/\/www.paulekman.com\/es\/wp-json\/wp\/v2\/pages\/55493","targetHints":{"allow":["GET"]}}],"collection":[{"href":"https:\/\/www.paulekman.com\/es\/wp-json\/wp\/v2\/pages"}],"about":[{"href":"https:\/\/www.paulekman.com\/es\/wp-json\/wp\/v2\/types\/page"}],"author":[{"embeddable":true,"href":"https:\/\/www.paulekman.com\/es\/wp-json\/wp\/v2\/users\/57429"}],"replies":[{"embeddable":true,"href":"https:\/\/www.paulekman.com\/es\/wp-json\/wp\/v2\/comments?post=55493"}],"version-history":[{"count":0,"href":"https:\/\/www.paulekman.com\/es\/wp-json\/wp\/v2\/pages\/55493\/revisions"}],"wp:attachment":[{"href":"https:\/\/www.paulekman.com\/es\/wp-json\/wp\/v2\/media?parent=55493"}],"curies":[{"name":"wp","href":"https:\/\/api.w.org\/{rel}","templated":true}]}}